{"id":1010,"date":"2025-10-28T08:53:57","date_gmt":"2025-10-28T08:53:57","guid":{"rendered":"https:\/\/kinderladen-strueverweg.de\/wordpress\/?page_id=1010"},"modified":"2025-10-28T09:04:23","modified_gmt":"2025-10-28T09:04:23","slug":"betreuungszeiten","status":"publish","type":"page","link":"https:\/\/kinderladen-strueverweg.de\/wordpress\/betreuungszeiten\/","title":{"rendered":"Betreuungszeiten"},"content":{"rendered":"<div data-colibri-id=\"1010-c1\" class=\"style-648 style-local-1010-c1 position-relative\">\n  <!---->\n  <div data-colibri-component=\"section\" data-colibri-id=\"1010-c22\" id=\"oeffnungszeiten\" class=\"h-section h-section-global-spacing d-flex align-items-lg-center align-items-md-center align-items-center style-660 style-local-1010-c22 position-relative\">\n    <!---->\n    <!---->\n    <div class=\"h-section-grid-container h-section-fluid-container\">\n      <!---->\n      <div data-colibri-id=\"1010-c23\" class=\"h-row-container gutters-row-lg-0 gutters-row-md-0 gutters-row-2 gutters-row-v-lg-0 gutters-row-v-md-0 gutters-row-v-2 style-661 style-local-1010-c23 position-relative\">\n        <!---->\n        <div class=\"h-row justify-content-lg-center justify-content-md-center justify-content-center align-items-lg-stretch align-items-md-stretch align-items-stretch gutters-col-lg-0 gutters-col-md-0 gutters-col-2 gutters-col-v-lg-0 gutters-col-v-md-0 gutters-col-v-2\">\n          <!---->\n          <div class=\"h-column h-column-container d-flex h-col-lg-auto h-col-md-auto h-col-auto style-662-outer style-local-1010-c24-outer\">\n            <div data-colibri-id=\"1010-c24\" class=\"d-flex h-flex-basis h-column__inner h-px-lg-0 h-px-md-0 h-px-0 v-inner-lg-0 v-inner-md-0 v-inner-0 style-662 style-local-1010-c24 position-relative\">\n              <!---->\n              <!---->\n              <div class=\"w-100 h-y-container h-column__content h-column__v-align flex-basis-100 align-self-lg-start align-self-md-start align-self-start\">\n                <!---->\n                <div data-colibri-id=\"1010-c26\" class=\"h-global-transition-all h-heading style-664 style-local-1010-c26 position-relative h-element\">\n                  <!---->\n                  <div class=\"h-heading__outer style-664 style-local-1010-c26\">\n                    <!---->\n                    <!---->\n                    <h2 class=\"\">\u00d6ffnungszeiten<\/h2>\n                  <\/div>\n                <\/div>\n                <div data-colibri-id=\"1010-c27\" class=\"h-text h-text-component style-665 style-local-1010-c27 position-relative h-element\">\n                  <!---->\n                  <!---->\n                  <div class=\"\">\n                    <p>Der Kinderladen ist montags bis donnerstags von 7:30 bis 16:45 Uhr und freitags von 7:30 bis 16:00 Uhr ge\u00f6ffnet.<\/p>\n                  <\/div>\n                <\/div>\n              <\/div>\n            <\/div>\n          <\/div>\n        <\/div>\n      <\/div>\n    <\/div>\n  <\/div>\n  <div data-colibri-component=\"section\" data-colibri-id=\"1010-c2\" id=\"woche\" class=\"h-section h-section-global-spacing d-flex align-items-lg-center align-items-md-center align-items-center style-649 style-local-1010-c2 position-relative\">\n    <!---->\n    <!---->\n    <div class=\"h-section-grid-container h-section-fluid-container\">\n      <!---->\n      <div data-colibri-id=\"1010-c3\" class=\"h-row-container gutters-row-lg-0 gutters-row-md-0 gutters-row-2 gutters-row-v-lg-0 gutters-row-v-md-0 gutters-row-v-2 style-650 style-local-1010-c3 position-relative\">\n        <!---->\n        <div class=\"h-row justify-content-lg-center justify-content-md-center justify-content-center align-items-lg-stretch align-items-md-stretch align-items-stretch gutters-col-lg-0 gutters-col-md-0 gutters-col-2 gutters-col-v-lg-0 gutters-col-v-md-0 gutters-col-v-2\">\n          <!---->\n          <div class=\"h-column h-column-container d-flex h-col-lg-auto h-col-md-auto h-col-auto style-651-outer style-local-1010-c4-outer\">\n            <div data-colibri-id=\"1010-c4\" class=\"d-flex h-flex-basis h-column__inner h-px-lg-0 h-px-md-0 h-px-0 v-inner-lg-0 v-inner-md-0 v-inner-0 style-651 style-local-1010-c4 position-relative\">\n              <!---->\n              <!---->\n              <div class=\"w-100 h-y-container h-column__content h-column__v-align flex-basis-100 align-self-lg-start align-self-md-start align-self-start\">\n                <!---->\n                <div data-colibri-id=\"1010-c5\" class=\"h-global-transition-all h-heading style-652 style-local-1010-c5 position-relative h-element\">\n                  <!---->\n                  <div class=\"h-heading__outer style-652 style-local-1010-c5\">\n                    <!---->\n                    <!---->\n                    <h4 class=\"\">&nbsp;<\/h4>\n                  <\/div>\n                <\/div>\n                <div data-colibri-id=\"1010-c6\" class=\"h-global-transition-all h-heading style-653 style-local-1010-c6 position-relative h-element\">\n                  <!---->\n                  <div class=\"h-heading__outer style-653 style-local-1010-c6\">\n                    <!---->\n                    <!---->\n                    <h2 class=\"\">Unsere Woche<\/h2>\n                  <\/div>\n                <\/div>\n                <div data-colibri-id=\"1010-c7\" class=\"h-text h-text-component style-654 style-local-1010-c7 position-relative h-element\">\n                  <!---->\n                  <!---->\n                  <div class=\"\">\n                    <p>Unser Wochenablauf mit Ritualen und vertrauten Abl\u00e4ufen hilft den Kindern bei der Orientierung und ihrem Sicherheitsbed\u00fcrfnis.<\/p>\n                    <p><strong>Montags<\/strong>&nbsp;<\/p>\n                    <p>Nach dem Wochenende starten wir fr\u00f6hlich mit einem gemeinsamen Fr\u00fchst\u00fccken in die neue Woche. An dem Gemeinschaftsfr\u00fchst\u00fcck d\u00fcrfen alle Eltern gerne dabei bleiben und gemeinsam mit den Kindern und dem Team fr\u00fchst\u00fccken. Montags und\n                      freitags feiern wir au\u00dferdem Geburtstage.&nbsp;\n                      <br>\n                    <\/p>\n                    <p><strong>Mittwochs&nbsp;<\/strong><\/p>\n                    <p>Mittwochs steht Turnen auf dem Programm. Die gro\u00dfen Kinder fahren mit dem Bus in die Turnhalle in der Menoritenstra\u00dfe. Die kleinen Kinder turnen in unserer Turnhalle im Kinderladen.<\/p>\n                    <p><strong>Donnerstags<\/strong><span style=\"color: rgb(251, 2, 7);\">&nbsp;<\/span><\/p>\n                    <p>Donnerstags ist Spielzeugtag, an dem die Kinder ein Spielzeug von zu Hause mitbringen k\u00f6nnen. Die Kinder haben Freude daran, den anderen Kindern ihr Spielzeug zu zeigen und lernen gleichzeitig zu teilen. Danach wird \u2014 ganz klar: gemeinsam\n                      gespielt!&nbsp;&nbsp;<\/p>\n                    <p><strong>Freitags&nbsp;<\/strong><\/p>\n                    <p>Freitags und montags feiern wir Geburtstage w\u00e4hrend eines gemeinsamen Fr\u00fchst\u00fccks.&nbsp;<\/p>\n                  <\/div>\n                <\/div>\n              <\/div>\n            <\/div>\n          <\/div>\n        <\/div>\n      <\/div>\n    <\/div>\n  <\/div>\n  <div data-colibri-component=\"section\" data-colibri-id=\"1010-c42\" id=\"schliessezeiten\" class=\"h-section h-section-global-spacing d-flex align-items-lg-center align-items-md-center align-items-center style-671 style-local-1010-c42 position-relative\">\n    <!---->\n    <!---->\n    <div class=\"h-section-grid-container h-section-fluid-container\">\n      <!---->\n      <div data-colibri-id=\"1010-c43\" class=\"h-row-container gutters-row-lg-0 gutters-row-md-0 gutters-row-2 gutters-row-v-lg-0 gutters-row-v-md-0 gutters-row-v-2 style-672 style-local-1010-c43 position-relative\">\n        <!---->\n        <div class=\"h-row justify-content-lg-center justify-content-md-center justify-content-center align-items-lg-stretch align-items-md-stretch align-items-stretch gutters-col-lg-0 gutters-col-md-0 gutters-col-2 gutters-col-v-lg-0 gutters-col-v-md-0 gutters-col-v-2\">\n          <!---->\n          <div class=\"h-column h-column-container d-flex h-col-lg-auto h-col-md-auto h-col-auto style-673-outer style-local-1010-c44-outer\">\n            <div data-colibri-id=\"1010-c44\" class=\"d-flex h-flex-basis h-column__inner h-px-lg-0 h-px-md-0 h-px-0 v-inner-lg-0 v-inner-md-0 v-inner-0 style-673 style-local-1010-c44 position-relative\">\n              <!---->\n              <!---->\n              <div class=\"w-100 h-y-container h-column__content h-column__v-align flex-basis-100 align-self-lg-start align-self-md-start align-self-start\">\n                <!---->\n                <div data-colibri-id=\"1010-c46\" class=\"h-global-transition-all h-heading style-675 style-local-1010-c46 position-relative h-element\">\n                  <!---->\n                  <div class=\"h-heading__outer style-675 style-local-1010-c46\">\n                    <!---->\n                    <!---->\n                    <h2 class=\"\">Schlie\u00dfzeiten<\/h2>\n                  <\/div>\n                <\/div>\n                <div data-colibri-id=\"1010-c47\" class=\"h-text h-text-component style-676 style-local-1010-c47 position-relative h-element\">\n                  <!---->\n                  <!---->\n                  <div class=\"\">\n                    <p>In der Woche nach Ostermontag, in den letzten drei Wochen der Sommerferien und zwischen Heiligabend bis Neujahr bleibt der Kinderladen geschlossen.<\/p>\n                  <\/div>\n                <\/div>\n              <\/div>\n            <\/div>\n          <\/div>\n        <\/div>\n      <\/div>\n    <\/div>\n  <\/div>\n<\/div>","protected":false},"excerpt":{"rendered":"<p>\u00d6ffnungszeiten Der Kinderladen ist montags bis donnerstags von 7:30 bis 16:45 Uhr und freitags von 7:30 bis 16:00 Uhr ge\u00f6ffnet. &nbsp; Unsere Woche Unser Wochenablauf mit Ritualen und vertrauten Abl\u00e4ufen hilft den Kindern bei der Orientierung und ihrem Sicherheitsbed\u00fcrfnis. Montags&nbsp; Nach dem Wochenende starten wir fr\u00f6hlich mit einem gemeinsamen Fr\u00fchst\u00fccken in die neue Woche. An [&hellip;]<\/p>\n","protected":false},"author":1,"featured_media":0,"parent":0,"menu_order":0,"comment_status":"closed","ping_status":"closed","template":"page-templates\/full-width-page.php","meta":{"footnotes":""},"class_list":["post-1010","page","type-page","status-publish","hentry"],"_links":{"self":[{"href":"https:\/\/kinderladen-strueverweg.de\/wordpress\/wp-json\/wp\/v2\/pages\/1010","targetHints":{"allow":["GET"]}}],"collection":[{"href":"https:\/\/kinderladen-strueverweg.de\/wordpress\/wp-json\/wp\/v2\/pages"}],"about":[{"href":"https:\/\/kinderladen-strueverweg.de\/wordpress\/wp-json\/wp\/v2\/types\/page"}],"author":[{"embeddable":true,"href":"https:\/\/kinderladen-strueverweg.de\/wordpress\/wp-json\/wp\/v2\/users\/1"}],"replies":[{"embeddable":true,"href":"https:\/\/kinderladen-strueverweg.de\/wordpress\/wp-json\/wp\/v2\/comments?post=1010"}],"version-history":[{"count":3,"href":"https:\/\/kinderladen-strueverweg.de\/wordpress\/wp-json\/wp\/v2\/pages\/1010\/revisions"}],"predecessor-version":[{"id":1021,"href":"https:\/\/kinderladen-strueverweg.de\/wordpress\/wp-json\/wp\/v2\/pages\/1010\/revisions\/1021"}],"wp:attachment":[{"href":"https:\/\/kinderladen-strueverweg.de\/wordpress\/wp-json\/wp\/v2\/media?parent=1010"}],"curies":[{"name":"wp","href":"https:\/\/api.w.org\/{rel}","templated":true}]}}