{"id":187,"date":"2022-09-29T09:29:34","date_gmt":"2022-09-29T09:29:34","guid":{"rendered":"http:\/\/kinderladen-strueverweg.de\/wordpress\/?page_id=187"},"modified":"2025-10-28T09:26:03","modified_gmt":"2025-10-28T09:26:03","slug":"team","status":"publish","type":"page","link":"https:\/\/kinderladen-strueverweg.de\/wordpress\/team\/","title":{"rendered":"Erfahren, liebevoll und mit Hingabe \u2013 Das Team"},"content":{"rendered":"\n<div class=\"wp-block-columns is-layout-flex wp-container-core-columns-is-layout-9d6595d7 wp-block-columns-is-layout-flex\">\n<div class=\"wp-block-column is-layout-flow wp-block-column-is-layout-flow\">\n<p>Das Kinderladen-Team besteht aus vier Erziehenden mit vielen Jahren gemeinsamer Berufserfahrung. Die Basis der p\u00e4dagogischen Arbeit mit den Schwerpunkten Musik, Bewegung, Natur, Lesen, Werken und Basteln, Kochen und Ern\u00e4hrung, Sprache und Freispiel bildet die Erziehung zu Toleranz, Selbstst\u00e4ndigkeit und sozialer Kompetenz. Die p\u00e4dagogischen Angebote sind jahreszeitenorientiert und ganzheitlich \u2014 die Kinder lernen und leben mit allen Sinnen.<\/p>\n<\/div>\n\n\n\n<div class=\"wp-block-column is-layout-flow wp-block-column-is-layout-flow\" style=\"flex-basis:40%\">\n<figure class=\"wp-block-image size-full\"><img loading=\"lazy\" decoding=\"async\" width=\"792\" height=\"544\" src=\"http:\/\/kinderladen-strueverweg.de\/wp-content\/uploads\/2022\/10\/stacks_image_77-1.jpg\" alt=\"\" class=\"wp-image-431\" srcset=\"https:\/\/kinderladen-strueverweg.de\/wp-content\/uploads\/2022\/10\/stacks_image_77-1.jpg 792w, https:\/\/kinderladen-strueverweg.de\/wp-content\/uploads\/2022\/10\/stacks_image_77-1-300x206.jpg 300w, https:\/\/kinderladen-strueverweg.de\/wp-content\/uploads\/2022\/10\/stacks_image_77-1-768x528.jpg 768w\" sizes=\"auto, (max-width: 792px) 100vw, 792px\" \/><\/figure>\n<\/div>\n<\/div>\n\n\n\n<p><\/p>\n","protected":false},"excerpt":{"rendered":"<p>Das Kinderladen-Team besteht aus vier Erziehenden mit vielen Jahren gemeinsamer Berufserfahrung. Die Basis der p\u00e4dagogischen Arbeit mit den Schwerpunkten Musik, Bewegung, Natur, Lesen, Werken und Basteln, Kochen und Ern\u00e4hrung, Sprache und Freispiel bildet die Erziehung zu Toleranz, Selbstst\u00e4ndigkeit und sozialer Kompetenz. Die p\u00e4dagogischen Angebote sind jahreszeitenorientiert und ganzheitlich \u2014 die Kinder lernen und leben mit [&hellip;]<\/p>\n","protected":false},"author":1,"featured_media":0,"parent":0,"menu_order":0,"comment_status":"closed","ping_status":"closed","template":"","meta":{"footnotes":""},"class_list":["post-187","page","type-page","status-publish","hentry"],"_links":{"self":[{"href":"https:\/\/kinderladen-strueverweg.de\/wordpress\/wp-json\/wp\/v2\/pages\/187","targetHints":{"allow":["GET"]}}],"collection":[{"href":"https:\/\/kinderladen-strueverweg.de\/wordpress\/wp-json\/wp\/v2\/pages"}],"about":[{"href":"https:\/\/kinderladen-strueverweg.de\/wordpress\/wp-json\/wp\/v2\/types\/page"}],"author":[{"embeddable":true,"href":"https:\/\/kinderladen-strueverweg.de\/wordpress\/wp-json\/wp\/v2\/users\/1"}],"replies":[{"embeddable":true,"href":"https:\/\/kinderladen-strueverweg.de\/wordpress\/wp-json\/wp\/v2\/comments?post=187"}],"version-history":[{"count":6,"href":"https:\/\/kinderladen-strueverweg.de\/wordpress\/wp-json\/wp\/v2\/pages\/187\/revisions"}],"predecessor-version":[{"id":1085,"href":"https:\/\/kinderladen-strueverweg.de\/wordpress\/wp-json\/wp\/v2\/pages\/187\/revisions\/1085"}],"wp:attachment":[{"href":"https:\/\/kinderladen-strueverweg.de\/wordpress\/wp-json\/wp\/v2\/media?parent=187"}],"curies":[{"name":"wp","href":"https:\/\/api.w.org\/{rel}","templated":true}]}}