{"id":189,"date":"2022-09-29T09:30:41","date_gmt":"2022-09-29T09:30:41","guid":{"rendered":"http:\/\/kinderladen-strueverweg.de\/wordpress\/?page_id=189"},"modified":"2022-10-12T09:39:15","modified_gmt":"2022-10-12T09:39:15","slug":"eltern","status":"publish","type":"page","link":"https:\/\/kinderladen-strueverweg.de\/wordpress\/eltern\/","title":{"rendered":"Nicht nur (Eltern-)arbeit"},"content":{"rendered":"\n<p>Der Kinderladen lebt von der Elternmitarbeit. Unter dem Leitsatz <strong><em>\u201eEs braucht ein Dorf, ein Kind zu erziehen.\u201c<\/em><\/strong> arbeiten die Eltern gemeinsam mit den Erzieherinnen. Dabei eint uns die Annahme, dass jeder Erwachsene Einfluss auf die Entwicklung der Kinder hat. Dies verstehen wir als Verantwortung, sowie als gro\u00dfe Ressource. Im Rahmen von verschiedenen, regelm\u00e4\u00dfig stattfindenden Diensten (Spielen, Kochen, Turnen) und Aussch\u00fcssen (z.B. Garten, Bau- und Instandhaltung, Finanzen, EDV und Fest) haben wir als Eltern nicht nur die M\u00f6glichkeit am Kindergartenalltag teilzunehmen, sondern ihn dar\u00fcber hinaus aktiv mitzugestalten.<\/p>\n\n\n\n<figure class=\"wp-block-gallery has-nested-images columns-default is-cropped wp-block-gallery-1 is-layout-flex wp-block-gallery-is-layout-flex\">\n<figure class=\"wp-block-image size-full\"><a href=\"http:\/\/kinderladen-strueverweg.de\/wp-content\/uploads\/2022\/10\/IMG_1083.jpg\" target=\"_blank\" rel=\"noopener\"><img loading=\"lazy\" decoding=\"async\" width=\"1000\" height=\"667\" data-id=\"401\" src=\"http:\/\/kinderladen-strueverweg.de\/wp-content\/uploads\/2022\/10\/IMG_1083.jpg\" alt=\"\" class=\"wp-image-401\" srcset=\"https:\/\/kinderladen-strueverweg.de\/wp-content\/uploads\/2022\/10\/IMG_1083.jpg 1000w, https:\/\/kinderladen-strueverweg.de\/wp-content\/uploads\/2022\/10\/IMG_1083-300x200.jpg 300w, https:\/\/kinderladen-strueverweg.de\/wp-content\/uploads\/2022\/10\/IMG_1083-768x512.jpg 768w\" sizes=\"auto, (max-width: 1000px) 100vw, 1000px\" \/><\/a><\/figure>\n\n\n\n<figure class=\"wp-block-image size-full\"><a href=\"http:\/\/kinderladen-strueverweg.de\/wp-content\/uploads\/2022\/10\/IMG_1033.jpg\" target=\"_blank\" rel=\"noopener\"><img loading=\"lazy\" decoding=\"async\" width=\"1000\" height=\"667\" data-id=\"393\" src=\"http:\/\/kinderladen-strueverweg.de\/wp-content\/uploads\/2022\/10\/IMG_1033.jpg\" alt=\"\" class=\"wp-image-393\" srcset=\"https:\/\/kinderladen-strueverweg.de\/wp-content\/uploads\/2022\/10\/IMG_1033.jpg 1000w, https:\/\/kinderladen-strueverweg.de\/wp-content\/uploads\/2022\/10\/IMG_1033-300x200.jpg 300w, https:\/\/kinderladen-strueverweg.de\/wp-content\/uploads\/2022\/10\/IMG_1033-768x512.jpg 768w\" sizes=\"auto, (max-width: 1000px) 100vw, 1000px\" \/><\/a><\/figure>\n\n\n\n<figure class=\"wp-block-image size-large\"><a href=\"http:\/\/kinderladen-strueverweg.de\/wp-content\/uploads\/2022\/09\/x-Bilder-1081-scaled.jpg\" target=\"_blank\" rel=\"noopener\"><img loading=\"lazy\" decoding=\"async\" width=\"1024\" height=\"768\" data-id=\"239\" src=\"http:\/\/kinderladen-strueverweg.de\/wp-content\/uploads\/2022\/09\/x-Bilder-1081-1024x768.jpg\" alt=\"\" class=\"wp-image-239\" srcset=\"https:\/\/kinderladen-strueverweg.de\/wp-content\/uploads\/2022\/09\/x-Bilder-1081-1024x768.jpg 1024w, https:\/\/kinderladen-strueverweg.de\/wp-content\/uploads\/2022\/09\/x-Bilder-1081-300x225.jpg 300w, https:\/\/kinderladen-strueverweg.de\/wp-content\/uploads\/2022\/09\/x-Bilder-1081-768x576.jpg 768w, https:\/\/kinderladen-strueverweg.de\/wp-content\/uploads\/2022\/09\/x-Bilder-1081-1536x1152.jpg 1536w, https:\/\/kinderladen-strueverweg.de\/wp-content\/uploads\/2022\/09\/x-Bilder-1081-2048x1536.jpg 2048w\" sizes=\"auto, (max-width: 1024px) 100vw, 1024px\" \/><\/a><\/figure>\n<\/figure>\n","protected":false},"excerpt":{"rendered":"<p>Der Kinderladen lebt von der Elternmitarbeit. Unter dem Leitsatz \u201eEs braucht ein Dorf, ein Kind zu erziehen.\u201c arbeiten die Eltern gemeinsam mit den Erzieherinnen. Dabei eint uns die Annahme, dass jeder Erwachsene Einfluss auf die Entwicklung der Kinder hat. Dies verstehen wir als Verantwortung, sowie als gro\u00dfe Ressource. Im Rahmen von verschiedenen, regelm\u00e4\u00dfig stattfindenden Diensten [&hellip;]<\/p>\n","protected":false},"author":1,"featured_media":0,"parent":0,"menu_order":0,"comment_status":"closed","ping_status":"closed","template":"","meta":{"footnotes":""},"class_list":["post-189","page","type-page","status-publish","hentry"],"_links":{"self":[{"href":"https:\/\/kinderladen-strueverweg.de\/wordpress\/wp-json\/wp\/v2\/pages\/189","targetHints":{"allow":["GET"]}}],"collection":[{"href":"https:\/\/kinderladen-strueverweg.de\/wordpress\/wp-json\/wp\/v2\/pages"}],"about":[{"href":"https:\/\/kinderladen-strueverweg.de\/wordpress\/wp-json\/wp\/v2\/types\/page"}],"author":[{"embeddable":true,"href":"https:\/\/kinderladen-strueverweg.de\/wordpress\/wp-json\/wp\/v2\/users\/1"}],"replies":[{"embeddable":true,"href":"https:\/\/kinderladen-strueverweg.de\/wordpress\/wp-json\/wp\/v2\/comments?post=189"}],"version-history":[{"count":6,"href":"https:\/\/kinderladen-strueverweg.de\/wordpress\/wp-json\/wp\/v2\/pages\/189\/revisions"}],"predecessor-version":[{"id":437,"href":"https:\/\/kinderladen-strueverweg.de\/wordpress\/wp-json\/wp\/v2\/pages\/189\/revisions\/437"}],"wp:attachment":[{"href":"https:\/\/kinderladen-strueverweg.de\/wordpress\/wp-json\/wp\/v2\/media?parent=189"}],"curies":[{"name":"wp","href":"https:\/\/api.w.org\/{rel}","templated":true}]}}