{"id":263,"date":"2022-09-29T11:16:12","date_gmt":"2022-09-29T11:16:12","guid":{"rendered":"http:\/\/kinderladen-strueverweg.de\/wordpress\/?page_id=263"},"modified":"2022-10-12T09:22:22","modified_gmt":"2022-10-12T09:22:22","slug":"unser-konzept-und-was-uns-besonders-macht","status":"publish","type":"page","link":"https:\/\/kinderladen-strueverweg.de\/wordpress\/unser-konzept-und-was-uns-besonders-macht\/","title":{"rendered":"Unser Konzept und was uns besonders macht"},"content":{"rendered":"\n<p>Der Kinderladen Str\u00fcverweg e.V. ist eine als Elterninitiative organisierte, eingruppige Kindertagesst\u00e4tte mit jahrzehntelanger Tradition. Der Schwerpunkt unseres Konzepts liegt vor allem auf der Entwicklung der sozialen Kompetenz und des famili\u00e4ren Miteinanders. Dabei legen wir besonderen Wert auf &nbsp;das Leben mit und in der Natur. Kinder und Eltern sind ins Alltagsgeschehen des Kinderladens eingebunden und k\u00f6nnen sich mit eigenen kreativen Ideen einbringen.<\/p>\n\n\n\n<div class=\"wp-block-columns is-layout-flex wp-container-core-columns-is-layout-9d6595d7 wp-block-columns-is-layout-flex\">\n<div class=\"wp-block-column is-layout-flow wp-block-column-is-layout-flow\">\n<p><strong>Der Alltag der Kinder ist unter anderem gepr\u00e4gt durch:<\/strong><\/p>\n\n\n\n<ul class=\"wp-block-list\"><li>Bewegung &amp; Turnen<\/li><li>Freies Spielen<\/li><li>Singen &amp; Vorlesen<\/li><li>Basteln &amp; Handwerk<\/li><li>Gartenarbeit (z.B. Anbau und Ernte von Obst und Gem\u00fcse)<\/li><li>W\u00f6chentliche Ausfl\u00fcge in die Umgebung<\/li><li>Gemeinsame Feste<\/li><\/ul>\n<\/div>\n\n\n\n<div class=\"wp-block-column is-layout-flow wp-block-column-is-layout-flow\" style=\"flex-basis:60%\">\n<figure class=\"wp-block-gallery has-nested-images columns-default is-cropped wp-block-gallery-1 is-layout-flex wp-block-gallery-is-layout-flex\">\n<figure class=\"wp-block-image size-full\"><a href=\"http:\/\/kinderladen-strueverweg.de\/wp-content\/uploads\/2022\/10\/IMG_1065.jpg\" target=\"_blank\" rel=\"noopener\"><img loading=\"lazy\" decoding=\"async\" width=\"1000\" height=\"667\" data-id=\"422\" src=\"http:\/\/kinderladen-strueverweg.de\/wp-content\/uploads\/2022\/10\/IMG_1065.jpg\" alt=\"\" class=\"wp-image-422\" srcset=\"https:\/\/kinderladen-strueverweg.de\/wp-content\/uploads\/2022\/10\/IMG_1065.jpg 1000w, https:\/\/kinderladen-strueverweg.de\/wp-content\/uploads\/2022\/10\/IMG_1065-300x200.jpg 300w, https:\/\/kinderladen-strueverweg.de\/wp-content\/uploads\/2022\/10\/IMG_1065-768x512.jpg 768w\" sizes=\"auto, (max-width: 1000px) 100vw, 1000px\" \/><\/a><\/figure>\n\n\n\n<figure class=\"wp-block-image size-full\"><a href=\"http:\/\/kinderladen-strueverweg.de\/wp-content\/uploads\/2022\/10\/IMG_1004.jpg\" target=\"_blank\" rel=\"noopener\"><img loading=\"lazy\" decoding=\"async\" width=\"1000\" height=\"667\" data-id=\"385\" src=\"http:\/\/kinderladen-strueverweg.de\/wp-content\/uploads\/2022\/10\/IMG_1004.jpg\" alt=\"\" class=\"wp-image-385\" srcset=\"https:\/\/kinderladen-strueverweg.de\/wp-content\/uploads\/2022\/10\/IMG_1004.jpg 1000w, https:\/\/kinderladen-strueverweg.de\/wp-content\/uploads\/2022\/10\/IMG_1004-300x200.jpg 300w, https:\/\/kinderladen-strueverweg.de\/wp-content\/uploads\/2022\/10\/IMG_1004-768x512.jpg 768w\" sizes=\"auto, (max-width: 1000px) 100vw, 1000px\" \/><\/a><\/figure>\n<\/figure>\n<\/div>\n<\/div>\n\n\n\n<p><\/p>\n\n\n\n<p>Die Kinder profitieren von dem alters\u00fcbergreifenden Konzept \u2013 <strong>ca.<\/strong> <strong>20 Kinder ab zwei Jahren bis zum Schuleintritt<\/strong> spielen und lernen gemeinsam. Das \u00fcbergeordnete Ziel der Kinderladenzeit ist es, unsere Kinder dabei zu begleiten und zu unterst\u00fctzen, sich zu fr\u00f6hlichen, selbstbewussten, neugierigen, hilfsbereiten, toleranten und individuellen Menschen zu entwickeln. So k\u00f6nnen die Kinder mit Freude und Unbeschwertheit, sowie einer intensiven Vernetzung und einem stabilen R\u00fcckhalt in ihre Schulzeit starten.<\/p>\n","protected":false},"excerpt":{"rendered":"<p>Der Kinderladen Str\u00fcverweg e.V. ist eine als Elterninitiative organisierte, eingruppige Kindertagesst\u00e4tte mit jahrzehntelanger Tradition. Der Schwerpunkt unseres Konzepts liegt vor allem auf der Entwicklung der sozialen Kompetenz und des famili\u00e4ren Miteinanders. Dabei legen wir besonderen Wert auf &nbsp;das Leben mit und in der Natur. Kinder und Eltern sind ins Alltagsgeschehen des Kinderladens eingebunden und k\u00f6nnen [&hellip;]<\/p>\n","protected":false},"author":1,"featured_media":0,"parent":0,"menu_order":0,"comment_status":"closed","ping_status":"closed","template":"","meta":{"footnotes":""},"class_list":["post-263","page","type-page","status-publish","hentry"],"_links":{"self":[{"href":"https:\/\/kinderladen-strueverweg.de\/wordpress\/wp-json\/wp\/v2\/pages\/263","targetHints":{"allow":["GET"]}}],"collection":[{"href":"https:\/\/kinderladen-strueverweg.de\/wordpress\/wp-json\/wp\/v2\/pages"}],"about":[{"href":"https:\/\/kinderladen-strueverweg.de\/wordpress\/wp-json\/wp\/v2\/types\/page"}],"author":[{"embeddable":true,"href":"https:\/\/kinderladen-strueverweg.de\/wordpress\/wp-json\/wp\/v2\/users\/1"}],"replies":[{"embeddable":true,"href":"https:\/\/kinderladen-strueverweg.de\/wordpress\/wp-json\/wp\/v2\/comments?post=263"}],"version-history":[{"count":5,"href":"https:\/\/kinderladen-strueverweg.de\/wordpress\/wp-json\/wp\/v2\/pages\/263\/revisions"}],"predecessor-version":[{"id":426,"href":"https:\/\/kinderladen-strueverweg.de\/wordpress\/wp-json\/wp\/v2\/pages\/263\/revisions\/426"}],"wp:attachment":[{"href":"https:\/\/kinderladen-strueverweg.de\/wordpress\/wp-json\/wp\/v2\/media?parent=263"}],"curies":[{"name":"wp","href":"https:\/\/api.w.org\/{rel}","templated":true}]}}