{"id":847,"date":"2025-10-14T09:56:05","date_gmt":"2025-10-14T09:56:05","guid":{"rendered":"https:\/\/kinderladen-strueverweg.de\/wordpress\/?page_id=847"},"modified":"2026-01-15T07:45:47","modified_gmt":"2026-01-15T07:45:47","slug":"freie-plaetze-und-platzvergabe","status":"publish","type":"page","link":"https:\/\/kinderladen-strueverweg.de\/wordpress\/freie-plaetze-und-platzvergabe\/","title":{"rendered":"Platzvergabe"},"content":{"rendered":"<div data-colibri-id=\"847-c1\" class=\"style-351 style-local-847-c1 position-relative\">\n  <!---->\n  <div data-colibri-component=\"section\" data-colibri-id=\"847-c2\" id=\"content-2\" class=\"h-section h-section-global-spacing d-flex align-items-lg-center align-items-md-center align-items-center style-642 style-local-847-c2 position-relative\">\n    <!---->\n    <!---->\n    <div class=\"h-section-grid-container h-section-fluid-container\">\n      <!---->\n      <div data-colibri-id=\"847-c3\" class=\"h-row-container gutters-row-lg-0 gutters-row-md-0 gutters-row-2 gutters-row-v-lg-0 gutters-row-v-md-0 gutters-row-v-2 style-643 style-local-847-c3 position-relative\">\n        <!---->\n        <div class=\"h-row justify-content-lg-center justify-content-md-center justify-content-center align-items-lg-stretch align-items-md-stretch align-items-stretch gutters-col-lg-0 gutters-col-md-0 gutters-col-2 gutters-col-v-lg-0 gutters-col-v-md-0 gutters-col-v-2\">\n          <!---->\n          <div class=\"h-column h-column-container d-flex h-col-lg-auto h-col-md-auto h-col-auto style-644-outer style-local-847-c4-outer\">\n            <div data-colibri-id=\"847-c4\" class=\"d-flex h-flex-basis h-column__inner h-px-lg-1 h-px-md-1 h-px-0 v-inner-lg-0 v-inner-md-0 v-inner-0 style-644 style-local-847-c4 position-relative\">\n              <!---->\n              <!---->\n              <div class=\"w-100 h-y-container h-column__content h-column__v-align flex-basis-100 align-self-lg-start align-self-md-start align-self-start\">\n                <!---->\n                <div data-colibri-id=\"847-c5\" class=\"h-global-transition-all h-heading style-645 style-local-847-c5 position-relative h-element\">\n                  <!---->\n                  <div class=\"h-heading__outer style-645 style-local-847-c5\">\n                    <!---->\n                    <!---->\n                    <h4 class=\"\">Freie pl\u00e4tze<\/h4>\n                  <\/div>\n                <\/div>\n                <div data-colibri-id=\"847-c6\" class=\"h-text h-text-component style-647 style-local-847-c6 position-relative h-element\">\n                  <!---->\n                  <!---->\n                  <div class=\"\">\n                    <p>Aktuell sind alle Pl\u00e4tze f\u00fcr das Kinderladen-Jahr 2025\/2026 belegt.<\/p>\n                    <p>F\u00fcr das Kinderladen-Jahr 2026\/2027 k\u00f6nnt ihr euch f\u00fcr U3- und \u00dc3-Pl\u00e4tze gerne bei uns melden.<\/p>\n                  <\/div>\n                <\/div>\n              <\/div>\n            <\/div>\n          <\/div>\n        <\/div>\n      <\/div>\n    <\/div>\n  <\/div>\n  <div data-colibri-component=\"section\" data-colibri-id=\"847-c7\" id=\"content\" class=\"h-section h-section-global-spacing d-flex align-items-lg-center align-items-md-center align-items-center style-617 style-local-847-c7 position-relative\">\n    <!---->\n    <!---->\n    <div class=\"h-section-grid-container h-section-fluid-container\">\n      <!---->\n      <div data-colibri-id=\"847-c8\" class=\"h-row-container gutters-row-lg-1 gutters-row-md-1 gutters-row-2 gutters-row-v-lg-1 gutters-row-v-md-1 gutters-row-v-2 style-618 style-local-847-c8 position-relative\">\n        <!---->\n        <div class=\"h-row justify-content-lg-center justify-content-md-center justify-content-center align-items-lg-stretch align-items-md-stretch align-items-stretch gutters-col-lg-1 gutters-col-md-1 gutters-col-2 gutters-col-v-lg-1 gutters-col-v-md-1 gutters-col-v-2\">\n          <!---->\n          <div class=\"h-column h-column-container d-flex h-col-lg-auto h-col-md-auto h-col-auto style-619-outer style-local-847-c9-outer\">\n            <div data-colibri-id=\"847-c9\" class=\"d-flex h-flex-basis h-column__inner h-px-lg-0 h-px-md-0 h-px-0 v-inner-lg-0 v-inner-md-0 v-inner-0 style-619 style-local-847-c9 position-relative\">\n              <!---->\n              <!---->\n              <div class=\"w-100 h-y-container h-column__content h-column__v-align flex-basis-100 align-self-lg-start align-self-md-start align-self-start\">\n                <!---->\n                <div data-colibri-id=\"847-c10\" class=\"h-global-transition-all h-heading style-621 style-local-847-c10 position-relative h-element\">\n                  <!---->\n                  <div class=\"h-heading__outer style-621 style-local-847-c10\">\n                    <!---->\n                    <!---->\n                    <h2 class=\"\">Platzvergabe<\/h2>\n                  <\/div>\n                <\/div>\n                <div data-colibri-id=\"847-c11\" class=\"h-text h-text-component style-622 style-local-847-c11 position-relative h-element\">\n                  <!---->\n                  <!---->\n                  <div class=\"\">\n                    <p>Wenn ihr Teil des Kinderladens werden m\u00f6chtet und euch auch unser Konzept und die Elternarbeit gefallen, dann freuen wir uns, wenn ihr euch bei uns meldet!&nbsp;\n                      <br>\n                    <\/p>\n                    <p>Wir nehmen Kinder ab zwei Jahren bis zur Einschulung auf. Die Pl\u00e4tze werden immer zum 1. August eines Jahres besetzt, wenn die Vorschulkinder mit der Schule starten. Bitte meldet euer Interesse im&nbsp;\n                      <a href=\"https:\/\/www.kitas.aachen.de\/Start\"\n                        style=\"font-family: Lato; font-weight: 400; font-size: 1em; color: rgb(0, 102, 204);\" class=\"customize-unpreviewable\">Kita-Portal der Stadt Aachen<\/a>&nbsp;an.&nbsp;<\/p>\n                    <p>Damit ihr uns und wir euch kennenlernen k\u00f6nnen, findet im Herbst ein Infotag f\u00fcr alle interessierten Eltern statt. Wenn ihr teilnehmen m\u00f6chtet, dann meldet euch bitte vorab per E-Mail an&nbsp;\n                      <a href=\"mailto:kontakt@kinderladen-strueverweg.de\"\n                        style=\"font-family: Lato; font-weight: 400; font-size: 1em; color: rgb(0, 102, 204);\">kontakt@kinderladen-strueverweg.de<\/a>&nbsp;bei uns. Au\u00dferdem k\u00f6nnt ihr gerne zu unseren Festen wie das Familienfest und den Flohmarkt kommen, an denen ihr immer mit uns ins Gespr\u00e4ch kommen k\u00f6nnt.&nbsp;<\/p>\n                    <p>\n                      <br>\n                    <\/p>\n                  <\/div>\n                <\/div>\n              <\/div>\n            <\/div>\n          <\/div>\n        <\/div>\n      <\/div>\n    <\/div>\n  <\/div>\n<\/div>","protected":false},"excerpt":{"rendered":"<p>Freie pl\u00e4tze Aktuell sind alle Pl\u00e4tze f\u00fcr das Kinderladen-Jahr 2025\/2026 belegt. F\u00fcr das Kinderladen-Jahr 2026\/2027 k\u00f6nnt ihr euch f\u00fcr U3- und \u00dc3-Pl\u00e4tze gerne bei uns melden. Platzvergabe Wenn ihr Teil des Kinderladens werden m\u00f6chtet und euch auch unser Konzept und die Elternarbeit gefallen, dann freuen wir uns, wenn ihr euch bei uns meldet!&nbsp; Wir nehmen [&hellip;]<\/p>\n","protected":false},"author":1,"featured_media":0,"parent":0,"menu_order":0,"comment_status":"closed","ping_status":"closed","template":"page-templates\/full-width-page.php","meta":{"footnotes":""},"class_list":["post-847","page","type-page","status-publish","hentry"],"_links":{"self":[{"href":"https:\/\/kinderladen-strueverweg.de\/wordpress\/wp-json\/wp\/v2\/pages\/847","targetHints":{"allow":["GET"]}}],"collection":[{"href":"https:\/\/kinderladen-strueverweg.de\/wordpress\/wp-json\/wp\/v2\/pages"}],"about":[{"href":"https:\/\/kinderladen-strueverweg.de\/wordpress\/wp-json\/wp\/v2\/types\/page"}],"author":[{"embeddable":true,"href":"https:\/\/kinderladen-strueverweg.de\/wordpress\/wp-json\/wp\/v2\/users\/1"}],"replies":[{"embeddable":true,"href":"https:\/\/kinderladen-strueverweg.de\/wordpress\/wp-json\/wp\/v2\/comments?post=847"}],"version-history":[{"count":13,"href":"https:\/\/kinderladen-strueverweg.de\/wordpress\/wp-json\/wp\/v2\/pages\/847\/revisions"}],"predecessor-version":[{"id":1117,"href":"https:\/\/kinderladen-strueverweg.de\/wordpress\/wp-json\/wp\/v2\/pages\/847\/revisions\/1117"}],"wp:attachment":[{"href":"https:\/\/kinderladen-strueverweg.de\/wordpress\/wp-json\/wp\/v2\/media?parent=847"}],"curies":[{"name":"wp","href":"https:\/\/api.w.org\/{rel}","templated":true}]}}