{"id":886,"date":"2025-10-24T09:17:57","date_gmt":"2025-10-24T09:17:57","guid":{"rendered":"https:\/\/kinderladen-strueverweg.de\/wordpress\/?page_id=886"},"modified":"2025-10-24T19:29:18","modified_gmt":"2025-10-24T19:29:18","slug":"engagement-der-eltern","status":"publish","type":"page","link":"https:\/\/kinderladen-strueverweg.de\/wordpress\/engagement-der-eltern\/","title":{"rendered":"Engagement der Eltern\u00a0"},"content":{"rendered":"<div data-colibri-id=\"886-c1\" class=\"style-364 style-local-886-c1 position-relative\">\n  <!---->\n  <div data-colibri-component=\"section\" data-colibri-id=\"886-c2\" id=\"elternarbeit\" class=\"h-section h-section-global-spacing d-flex align-items-lg-start align-items-md-start align-items-start style-365 style-local-886-c2 position-relative\">\n    <!---->\n    <!---->\n    <div class=\"h-section-grid-container h-section-fluid-container\">\n      <!---->\n      <div data-colibri-id=\"886-c3\" class=\"h-row-container gutters-row-lg-0 gutters-row-md-0 gutters-row-2 gutters-row-v-lg-0 gutters-row-v-md-0 gutters-row-v-2 style-366 style-local-886-c3 position-relative\">\n        <!---->\n        <div class=\"h-row justify-content-lg-center justify-content-md-center justify-content-center align-items-lg-stretch align-items-md-stretch align-items-stretch gutters-col-lg-0 gutters-col-md-0 gutters-col-2 gutters-col-v-lg-0 gutters-col-v-md-0 gutters-col-v-2\">\n          <!---->\n          <div class=\"h-column h-column-container d-flex h-col-lg h-col-md h-col-auto style-367-outer style-local-886-c4-outer\">\n            <div data-colibri-id=\"886-c4\" class=\"d-flex h-flex-basis h-column__inner h-px-lg-0 h-px-md-0 h-px-0 v-inner-lg-0 v-inner-md-0 v-inner-0 style-367 style-local-886-c4 position-relative\">\n              <!---->\n              <!---->\n              <div class=\"w-100 h-y-container h-column__content h-column__v-align flex-basis-100 align-self-lg-start align-self-md-start align-self-start\">\n                <!---->\n                <div data-colibri-id=\"886-c5\" class=\"h-global-transition-all h-heading style-368 style-local-886-c5 position-relative h-element\">\n                  <!---->\n                  <div class=\"h-heading__outer style-368 style-local-886-c5\">\n                    <!---->\n                    <!---->\n                    <h4 class=\"\">Es braucht ein Dorf, um ein Kind zu erziehen<\/h4>\n                  <\/div>\n                <\/div>\n                <div data-colibri-id=\"886-c6\" class=\"h-global-transition-all h-heading style-369 style-local-886-c6 position-relative h-element\">\n                  <!---->\n                  <div class=\"h-heading__outer style-369 style-local-886-c6\">\n                    <!---->\n                    <!---->\n                    <h2 class=\"\">Engagement der Eltern<\/h2>\n                  <\/div>\n                <\/div>\n                <div data-colibri-id=\"886-c7\" class=\"h-text h-text-component style-370 style-local-886-c7 position-relative h-element\">\n                  <!---->\n                  <!---->\n                  <div class=\"\">\n                    <p>Der Kinderladen lebt von der engagierten Initiative der Eltern. Ohne die Mitarbeit aller Eltern kann der Kinderladen nicht funktionieren. Ganz praktisch hei\u00dft das, wir unterst\u00fctzen die p\u00e4dagogische Arbeit und organisieren die Vereinsarbeit.\n                      Die Mitarbeit ist f\u00fcr uns keine l\u00e4stige Pflicht, sondern die Chance, den Kinderladen aktiv mitzugestalten, indem alle Eltern ihre individuellen F\u00e4higkeiten und Interessen mit einbringen. Im Rahmen von verschiedenen, regelm\u00e4\u00dfig stattfindenden\n                      Diensten und Aussch\u00fcssen haben wir als Eltern nicht nur die M\u00f6glichkeit den Kinderladen aktiv mitzugestalten, sondern auch am Kinderladen-Alltag teilzunehmen und zu sehen wie unsere Kinder ihre Zeit verbringen.<\/p>\n                    <p>Unter dem Leitsatz \u201eEs braucht ein Dorf, um ein Kind zu erziehen\u201c arbeiten die Eltern gemeinsam mit dem p\u00e4dagogischen Team zusammen. Dabei eint uns die Annahme, dass jeder Erwachsene Einfluss auf die Entwicklung der Kinder hat. Dies\n                      verstehen wir nicht nur als Verantwortung, sondern als gro\u00dfe Ressource.&nbsp;<\/p>\n                    <p>Die Elternarbeit besteht bei uns im Kinderladen aus folgenden Punkten:&nbsp;<\/p>\n                  <\/div>\n                <\/div>\n                <div data-colibri-id=\"886-c8\" class=\"h-row-container gutters-row-lg-2 gutters-row-md-2 gutters-row-0 gutters-row-v-lg-2 gutters-row-v-md-2 gutters-row-v-0 style-371 style-local-886-c8 position-relative\">\n                  <!---->\n                  <div class=\"h-row justify-content-lg-center justify-content-md-center justify-content-center align-items-lg-stretch align-items-md-stretch align-items-stretch gutters-col-lg-2 gutters-col-md-2 gutters-col-0 gutters-col-v-lg-2 gutters-col-v-md-2 gutters-col-v-0\">\n                    <!---->\n                    <div class=\"h-column h-column-container d-flex h-col-lg-12 h-col-md-12 h-col-6 style-372-outer style-local-886-c9-outer\">\n                      <div data-colibri-id=\"886-c9\" class=\"d-flex h-flex-basis h-column__inner h-px-lg-0 h-px-md-0 h-px-0 v-inner-lg-0 v-inner-md-0 v-inner-0 style-372 style-local-886-c9 position-relative\">\n                        <!---->\n                        <!---->\n                        <div class=\"w-100 h-y-container h-column__content h-column__v-align flex-basis-100 align-self-lg-start align-self-md-start align-self-start\">\n                          <!---->\n                          <div data-colibri-id=\"886-c10\" class=\"h-global-transition-all h-heading style-373 style-local-886-c10 position-relative h-element\">\n                            <!---->\n                            <div class=\"h-heading__outer style-373 style-local-886-c10\">\n                              <!---->\n                              <!---->\n                              <h5 class=\"\">Koch- oder spieldienst<\/h5>\n                            <\/div>\n                          <\/div>\n                          <div data-colibri-id=\"886-c11\" class=\"h-text h-text-component style-374 style-local-886-c11 position-relative h-element\">\n                            <!---->\n                            <!---->\n                            <div class=\"\">\n                              <p>Jede Familie \u00fcbernimmt entweder einen Koch- oder Spieldienst.\n                                <br>\n                              <\/p>\n                              <p>Beim Kochdienst kocht ein Elternteil alle zwei Wochen das Mittagessen f\u00fcr alle Kinder und das Team. W\u00e4hrend des Kochdienstes sind wir von 9:00 bis14:30 Uhr im Kinderladen und decken das Fr\u00fchst\u00fcck ab, kochen Essen, essen gemeinsam\n                                mit den Kindern und r\u00e4umen nat\u00fcrlich alles wieder auf.\n                                <br> Beim Spieldienst machen die Eltern den Kindern an einem Nachmittag pro Woche ein Spielangebot und bieten ihnen Rohkost und Obst an. Der Spieldienst ist von 14:00 bis 16:45 Uhr im KiLa.<\/p>\n                            <\/div>\n                          <\/div>\n                        <\/div>\n                      <\/div>\n                    <\/div>\n                    <div class=\"h-column h-column-container d-flex h-col-lg-12 h-col-md-12 h-col-6 style-372-outer style-local-886-c12-outer\">\n                      <div data-colibri-id=\"886-c12\" class=\"d-flex h-flex-basis h-column__inner h-px-lg-0 h-px-md-0 h-px-0 v-inner-lg-0 v-inner-md-0 v-inner-0 style-372 style-local-886-c12 position-relative\">\n                        <!---->\n                        <!---->\n                        <div class=\"w-100 h-y-container h-column__content h-column__v-align flex-basis-100 align-self-lg-start align-self-md-start align-self-start\">\n                          <!---->\n                          <div data-colibri-id=\"886-c13\" class=\"h-global-transition-all h-heading style-373 style-local-886-c13 position-relative h-element\">\n                            <!---->\n                            <div class=\"h-heading__outer style-373 style-local-886-c13\">\n                              <!---->\n                              <!---->\n                              <h5 class=\"\">Ausschuss<\/h5>\n                            <\/div>\n                          <\/div>\n                          <div data-colibri-id=\"886-c14\" class=\"h-text h-text-component style-374 style-local-886-c14 position-relative h-element\">\n                            <!---->\n                            <!---->\n                            <div class=\"\">\n                              <p>Durch die Teilnahme an einem Ausschuss pro Familie erledigen wir regelm\u00e4\u00dfig anfallende Aufgaben wie Einkaufen, Gartenarbeit, hausmeisterliche Aufgaben, EDV und organisieren unsere Feste.<\/p>\n                            <\/div>\n                          <\/div>\n                        <\/div>\n                      <\/div>\n                    <\/div>\n                    <div class=\"h-column h-column-container d-flex h-col-lg-12 h-col-md-12 h-col-6 style-372-outer style-local-886-c15-outer\">\n                      <div data-colibri-id=\"886-c15\" class=\"d-flex h-flex-basis h-column__inner h-px-lg-0 h-px-md-0 h-px-0 v-inner-lg-0 v-inner-md-0 v-inner-0 style-372 style-local-886-c15 position-relative\">\n                        <!---->\n                        <!---->\n                        <div class=\"w-100 h-y-container h-column__content h-column__v-align flex-basis-100 align-self-lg-start align-self-md-start align-self-start\">\n                          <!---->\n                          <div data-colibri-id=\"886-c16\" class=\"h-global-transition-all h-heading style-373 style-local-886-c16 position-relative h-element\">\n                            <!---->\n                            <div class=\"h-heading__outer style-373 style-local-886-c16\">\n                              <!---->\n                              <!---->\n                              <h5 class=\"\">aktionstage<\/h5>\n                            <\/div>\n                          <\/div>\n                          <div data-colibri-id=\"886-c17\" class=\"h-text h-text-component style-374 style-local-886-c17 position-relative h-element\">\n                            <!---->\n                            <!---->\n                            <div class=\"\">\n                              <p>An zwei Aktionstagen halten wir das Haus, den Garten und die Spielger\u00e4te in Schuss. Je Familie haben wir au\u00dferdem einen Putztag und zwei Waschdienste.&nbsp;<\/p>\n                            <\/div>\n                          <\/div>\n                        <\/div>\n                      <\/div>\n                    <\/div>\n                    <div class=\"h-column h-column-container d-flex h-col-lg-12 h-col-md-12 h-col-6 style-372-outer style-local-886-c18-outer\">\n                      <div data-colibri-id=\"886-c18\" class=\"d-flex h-flex-basis h-column__inner h-px-lg-0 h-px-md-0 h-px-0 v-inner-lg-0 v-inner-md-0 v-inner-0 style-372 style-local-886-c18 position-relative\">\n                        <!---->\n                        <!---->\n                        <div class=\"w-100 h-y-container h-column__content h-column__v-align flex-basis-100 align-self-lg-start align-self-md-start align-self-start\">\n                          <!---->\n                          <div data-colibri-id=\"886-c19\" class=\"h-global-transition-all h-heading style-373 style-local-886-c19 position-relative h-element\">\n                            <!---->\n                            <div class=\"h-heading__outer style-373 style-local-886-c19\">\n                              <!---->\n                              <!---->\n                              <h5 class=\"\">feste feiern<\/h5>\n                            <\/div>\n                          <\/div>\n                          <div data-colibri-id=\"886-c20\" class=\"h-text h-text-component style-374 style-local-886-c20 position-relative h-element\">\n                            <!---->\n                            <!---->\n                            <div class=\"\">\n                              <p>Gemeinsam feiern wir verschiedene Feste von Karneval, \u00fcber das Sommerfest, den Laternenumzug an Sankt Martin bis hin zur Weihnachtsfeier.&nbsp;<\/p>\n                            <\/div>\n                          <\/div>\n                        <\/div>\n                      <\/div>\n                    <\/div>\n                    <div class=\"h-column h-column-container d-flex h-col-lg-12 h-col-md-12 h-col-6 style-384-outer style-local-886-c21-outer\">\n                      <div data-colibri-id=\"886-c21\" class=\"d-flex h-flex-basis h-column__inner h-px-lg-0 h-px-md-0 h-px-0 v-inner-lg-0 v-inner-md-0 v-inner-0 style-384 style-local-886-c21 position-relative\">\n                        <!---->\n                        <!---->\n                        <div class=\"w-100 h-y-container h-column__content h-column__v-align flex-basis-100 align-self-lg-start align-self-md-start align-self-start\">\n                          <!---->\n                          <div data-colibri-id=\"886-c22\" class=\"h-global-transition-all h-heading style-392 style-local-886-c22 position-relative h-element\">\n                            <!---->\n                            <div class=\"h-heading__outer style-392 style-local-886-c22\">\n                              <!---->\n                              <!---->\n                              <h5 class=\"\">ELTErNABEND<\/h5>\n                            <\/div>\n                          <\/div>\n                          <div data-colibri-id=\"886-c23\" class=\"h-text h-text-component style-388 style-local-886-c23 position-relative h-element\">\n                            <!---->\n                            <!---->\n                            <div class=\"\">\n                              <p>Alle zwei Wochen treffen wir uns mittwochs ab 20:30 Uhr in entspannter Runde zum Elternabend im Kinderladen, um vor allem organisatorische Themen und Ideen zu besprechen.<\/p>\n                            <\/div>\n                          <\/div>\n                        <\/div>\n                      <\/div>\n                    <\/div>\n                  <\/div>\n                <\/div>\n              <\/div>\n            <\/div>\n          <\/div>\n          <div class=\"h-column h-column-container d-flex h-col-lg-auto h-col-md-auto h-col-auto style-393-outer style-local-886-c24-outer\">\n            <div data-colibri-id=\"886-c24\" class=\"d-flex h-flex-basis h-column__inner h-ui-empty-state-container h-px-lg-2 h-px-md-2 h-px-2 v-inner-lg-2 v-inner-md-2 v-inner-2 style-393 style-local-886-c24 position-relative\">\n              <!---->\n              <!---->\n              <div class=\"w-100 h-y-container h-column__content h-column__v-align flex-basis-100\">\n                <!---->\n              <\/div>\n            <\/div>\n          <\/div>\n        <\/div>\n      <\/div>\n    <\/div>\n  <\/div>\n  <div data-colibri-component=\"section\" data-colibri-id=\"886-c25\" id=\"elternbeitrag\" class=\"h-section h-section-global-spacing d-flex align-items-lg-start align-items-md-start align-items-start style-420 style-local-886-c25 position-relative\">\n    <!---->\n    <!---->\n    <div class=\"h-section-grid-container h-section-fluid-container\">\n      <!---->\n      <div data-colibri-id=\"886-c26\" class=\"h-row-container gutters-row-lg-0 gutters-row-md-0 gutters-row-2 gutters-row-v-lg-0 gutters-row-v-md-0 gutters-row-v-2 style-421 style-local-886-c26 position-relative\">\n        <!---->\n        <div class=\"h-row justify-content-lg-center justify-content-md-center justify-content-center align-items-lg-stretch align-items-md-stretch align-items-stretch gutters-col-lg-0 gutters-col-md-0 gutters-col-2 gutters-col-v-lg-0 gutters-col-v-md-0 gutters-col-v-2\">\n          <!---->\n          <div class=\"h-column h-column-container d-flex h-col-lg h-col-md h-col-auto style-422-outer style-local-886-c27-outer\">\n            <div data-colibri-id=\"886-c27\" class=\"d-flex h-flex-basis h-column__inner h-px-lg-0 h-px-md-0 h-px-0 v-inner-lg-0 v-inner-md-0 v-inner-0 style-422 style-local-886-c27 position-relative\">\n              <!---->\n              <!---->\n              <div class=\"w-100 h-y-container h-column__content h-column__v-align flex-basis-100 align-self-lg-start align-self-md-start align-self-start\">\n                <!---->\n                <div data-colibri-id=\"886-c28\" class=\"h-global-transition-all h-heading style-424 style-local-886-c28 position-relative h-element\">\n                  <!---->\n                  <div class=\"h-heading__outer style-424 style-local-886-c28\">\n                    <!---->\n                    <!---->\n                    <h4 class=\"\">Elternbeitrag<\/h4>\n                  <\/div>\n                <\/div>\n                <div data-colibri-id=\"886-c29\" class=\"h-text h-text-component style-425 style-local-886-c29 position-relative h-element\">\n                  <!---->\n                  <!---->\n                  <div class=\"\">\n                    <p>Pro Kind f\u00e4llt der Elternbeitrag an, den die Stadt Aachen f\u00fcr eine w\u00f6chentliche Betreuung von 45 Stunden erhebt. Zus\u00e4tzlich bezahlen die Eltern einen monatlichen Beitrag, um die Vereinskosten und die Essenkosten zu decken. Der Beitrag\n                      f\u00fcr die Essenkosten sind 65 Euro pro Monat.&nbsp;<\/p>\n                    <p>Die Vereinskosten setzen sich aus dem Mitgliedsbeitrag und dem Tr\u00e4geranteil zusammen: Der Mitgliedsbeitrag betr\u00e4gt 5 Euro pro Familie, der Tr\u00e4geranteil orientiert sich an der Einkommensstaffelung der Stadt Aachen:<\/p>\n                  <\/div>\n                <\/div>\n                <div data-colibri-id=\"886-c30\" class=\"h-row-container gutters-row-lg-2 gutters-row-md-2 gutters-row-0 gutters-row-v-lg-2 gutters-row-v-md-2 gutters-row-v-0 style-426 style-local-886-c30 position-relative\">\n                  <!---->\n                  <div class=\"h-row justify-content-lg-center justify-content-md-center justify-content-center align-items-lg-stretch align-items-md-stretch align-items-stretch gutters-col-lg-2 gutters-col-md-2 gutters-col-0 gutters-col-v-lg-2 gutters-col-v-md-2 gutters-col-v-0\">\n                    <!---->\n                    <div class=\"h-column h-column-container d-flex h-col-lg-12 h-col-md-12 h-col-6 style-427-outer style-local-886-c31-outer\">\n                      <div data-colibri-id=\"886-c31\" class=\"d-flex h-flex-basis h-column__inner h-px-lg-0 h-px-md-0 h-px-0 v-inner-lg-0 v-inner-md-0 v-inner-0 style-427 style-local-886-c31 position-relative\">\n                        <!---->\n                        <!---->\n                        <div class=\"w-100 h-y-container h-column__content h-column__v-align flex-basis-100 align-self-lg-start align-self-md-start align-self-start\">\n                          <!---->\n                          <div data-colibri-id=\"886-c32\" class=\"h-text h-text-component style-429 style-local-886-c32 position-relative h-element\">\n                            <!---->\n                            <!---->\n                            <div class=\"\">\n                              <p>Einkommen bis 54.000 Euro: 10 Euro&nbsp;<\/p>\n                              <p>Einkommen bis 68.000 Euro: 60 Euro<\/p>\n                              <p>Einkommen bis 87.000 Euro: 80 Euro<\/p>\n                              <p>Einkommen bis 105.000 Euro: 95 Euro&nbsp;<\/p>\n                              <p>Einkommen bis 120.000 Euro: 105 Euro&nbsp;<\/p>\n                              <p>Einkommen ab 120.000 Euro: 110 Euro&nbsp;<\/p>\n                              <p>F\u00fcr jedes weitere Kind f\u00e4llt der halbe Beitrag an.&nbsp;<\/p>\n                            <\/div>\n                          <\/div>\n                        <\/div>\n                      <\/div>\n                    <\/div>\n                  <\/div>\n                <\/div>\n              <\/div>\n            <\/div>\n          <\/div>\n          <div class=\"h-column h-column-container d-flex h-col-lg-auto h-col-md-auto h-col-auto style-430-outer style-local-886-c33-outer\">\n            <div data-colibri-id=\"886-c33\" class=\"d-flex h-flex-basis h-column__inner h-ui-empty-state-container h-px-lg-0 h-px-md-0 h-px-0 v-inner-lg-0 v-inner-md-0 v-inner-0 style-430 style-local-886-c33 position-relative\">\n              <!---->\n              <!---->\n              <div class=\"w-100 h-y-container h-column__content h-column__v-align flex-basis-100\">\n                <!---->\n              <\/div>\n            <\/div>\n          <\/div>\n        <\/div>\n      <\/div>\n    <\/div>\n  <\/div>\n<\/div>","protected":false},"excerpt":{"rendered":"<p>Es braucht ein Dorf, um ein Kind zu erziehen Engagement der Eltern Der Kinderladen lebt von der engagierten Initiative der Eltern. Ohne die Mitarbeit aller Eltern kann der Kinderladen nicht funktionieren. Ganz praktisch hei\u00dft das, wir unterst\u00fctzen die p\u00e4dagogische Arbeit und organisieren die Vereinsarbeit. Die Mitarbeit ist f\u00fcr uns keine l\u00e4stige Pflicht, sondern die Chance, [&hellip;]<\/p>\n","protected":false},"author":1,"featured_media":0,"parent":0,"menu_order":0,"comment_status":"closed","ping_status":"closed","template":"page-templates\/full-width-page.php","meta":{"footnotes":""},"class_list":["post-886","page","type-page","status-publish","hentry"],"_links":{"self":[{"href":"https:\/\/kinderladen-strueverweg.de\/wordpress\/wp-json\/wp\/v2\/pages\/886","targetHints":{"allow":["GET"]}}],"collection":[{"href":"https:\/\/kinderladen-strueverweg.de\/wordpress\/wp-json\/wp\/v2\/pages"}],"about":[{"href":"https:\/\/kinderladen-strueverweg.de\/wordpress\/wp-json\/wp\/v2\/types\/page"}],"author":[{"embeddable":true,"href":"https:\/\/kinderladen-strueverweg.de\/wordpress\/wp-json\/wp\/v2\/users\/1"}],"replies":[{"embeddable":true,"href":"https:\/\/kinderladen-strueverweg.de\/wordpress\/wp-json\/wp\/v2\/comments?post=886"}],"version-history":[{"count":4,"href":"https:\/\/kinderladen-strueverweg.de\/wordpress\/wp-json\/wp\/v2\/pages\/886\/revisions"}],"predecessor-version":[{"id":998,"href":"https:\/\/kinderladen-strueverweg.de\/wordpress\/wp-json\/wp\/v2\/pages\/886\/revisions\/998"}],"wp:attachment":[{"href":"https:\/\/kinderladen-strueverweg.de\/wordpress\/wp-json\/wp\/v2\/media?parent=886"}],"curies":[{"name":"wp","href":"https:\/\/api.w.org\/{rel}","templated":true}]}}